{"id":1987,"date":"2023-08-11T16:14:11","date_gmt":"2023-08-11T14:14:11","guid":{"rendered":"https:\/\/bloomleading.com\/?page_id=1987"},"modified":"2023-10-05T13:06:33","modified_gmt":"2023-10-05T11:06:33","slug":"recrutement","status":"publish","type":"page","link":"https:\/\/bloomleading.com\/?page_id=1987","title":{"rendered":"Recrutement"},"content":{"rendered":"\t\t<div data-elementor-type=\"wp-page\" data-elementor-id=\"1987\" class=\"elementor elementor-1987\" data-elementor-post-type=\"page\">\n\t\t\t\t\t\t<div class=\"elementor-inner\">\n\t\t\t\t<div class=\"elementor-section-wrap\">\n\t\t\t\t\t\t\t\t\t<section class=\"elementor-section elementor-top-section elementor-element elementor-element-52a42ad5 elementor-section-full_width elementor-section-stretched elementor-section-height-default elementor-section-height-default\" data-id=\"52a42ad5\" data-element_type=\"section\" data-settings=\"{&quot;background_background&quot;:&quot;classic&quot;,&quot;stretch_section&quot;:&quot;section-stretched&quot;}\">\n\t\t\t\t\t\t<div class=\"elementor-container elementor-column-gap-no\">\n\t\t\t\t\t\t\t<div class=\"elementor-row\">\n\t\t\t\t\t<div class=\"elementor-column elementor-col-100 elementor-top-column elementor-element elementor-element-456e3627\" data-id=\"456e3627\" data-element_type=\"column\">\n\t\t\t<div class=\"elementor-column-wrap elementor-element-populated\">\n\t\t\t\t\t\t\t<div class=\"elementor-widget-wrap\">\n\t\t\t\t\t\t<section class=\"elementor-section elementor-inner-section elementor-element elementor-element-7d5671fc elementor-section-boxed elementor-section-height-default elementor-section-height-default\" data-id=\"7d5671fc\" data-element_type=\"section\">\n\t\t\t\t\t\t<div class=\"elementor-container elementor-column-gap-thegem\">\n\t\t\t\t\t\t\t<div class=\"elementor-row\">\n\t\t\t\t\t<div class=\"elementor-column elementor-col-100 elementor-inner-column elementor-element elementor-element-3fcb073a\" data-id=\"3fcb073a\" data-element_type=\"column\">\n\t\t\t<div class=\"elementor-column-wrap elementor-element-populated\">\n\t\t\t\t\t\t\t<div class=\"elementor-widget-wrap\">\n\t\t\t\t\t\t<div class=\"elementor-element elementor-element-2229827c flex-horizontal-align-default flex-horizontal-align-tablet-default flex-horizontal-align-mobile-default flex-vertical-align-default flex-vertical-align-tablet-default flex-vertical-align-mobile-default elementor-widget elementor-widget-heading\" data-id=\"2229827c\" data-element_type=\"widget\" data-widget_type=\"heading.default\">\n\t\t\t\t<div class=\"elementor-widget-container\">\n\t\t\t<style>\/*! elementor - v3.14.0 - 26-06-2023 *\/\n.elementor-heading-title{padding:0;margin:0;line-height:1}.elementor-widget-heading .elementor-heading-title[class*=elementor-size-]>a{color:inherit;font-size:inherit;line-height:inherit}.elementor-widget-heading .elementor-heading-title.elementor-size-small{font-size:15px}.elementor-widget-heading .elementor-heading-title.elementor-size-medium{font-size:19px}.elementor-widget-heading .elementor-heading-title.elementor-size-large{font-size:29px}.elementor-widget-heading .elementor-heading-title.elementor-size-xl{font-size:39px}.elementor-widget-heading .elementor-heading-title.elementor-size-xxl{font-size:59px}<\/style><div class=\"title-h2 elementor-heading-title elementor-size-default\">Recrutement<\/div>\t\t<\/div>\n\t\t\t\t<\/div>\n\t\t\t\t\t\t<\/div>\n\t\t\t\t\t<\/div>\n\t\t<\/div>\n\t\t\t\t\t\t\t\t<\/div>\n\t\t\t\t\t<\/div>\n\t\t<\/section>\n\t\t\t\t<div class=\"elementor-element elementor-element-56ff33f4 elementor-widget__width-initial flex-horizontal-align-default flex-horizontal-align-tablet-default flex-horizontal-align-mobile-default flex-vertical-align-default flex-vertical-align-tablet-default flex-vertical-align-mobile-default elementor-widget elementor-widget-text-editor\" data-id=\"56ff33f4\" data-element_type=\"widget\" data-widget_type=\"text-editor.default\">\n\t\t\t\t<div class=\"elementor-widget-container\">\n\t\t\t<style>\/*! elementor - v3.14.0 - 26-06-2023 *\/\n.elementor-widget-text-editor.elementor-drop-cap-view-stacked .elementor-drop-cap{background-color:#69727d;color:#fff}.elementor-widget-text-editor.elementor-drop-cap-view-framed .elementor-drop-cap{color:#69727d;border:3px solid;background-color:transparent}.elementor-widget-text-editor:not(.elementor-drop-cap-view-default) .elementor-drop-cap{margin-top:8px}.elementor-widget-text-editor:not(.elementor-drop-cap-view-default) .elementor-drop-cap-letter{width:1em;height:1em}.elementor-widget-text-editor .elementor-drop-cap{float:left;text-align:center;line-height:1;font-size:50px}.elementor-widget-text-editor .elementor-drop-cap-letter{display:inline-block}<\/style>\t\t\t\t\t<div class=\"elementor-text-editor elementor-clearfix\">\n\t\t\t\t<p>Actuellement nous ne sommes pas dans la mesure de vous offrir un poste au sein de notre soci\u00e9t\u00e9.<br>Par ailleurs vous pouvez vous inscrire spontan\u00e9ment via l\u2019envoi de votre CV et une lettre de motivation \u00e0 notre adresse mail. Au-dessous ajouter&nbsp;un formulaire de candidature<span style=\"letter-spacing: 0px;\">.<\/span><\/p>\t\t\t\t\t<\/div>\n\t\t\t\t\t\t<\/div>\n\t\t\t\t<\/div>\n\t\t\t\t\t\t<\/div>\n\t\t\t\t\t<\/div>\n\t\t<\/div>\n\t\t\t\t\t\t\t\t<\/div>\n\t\t\t\t\t<\/div>\n\t\t<\/section>\n\t\t\t\t<section class=\"elementor-section elementor-top-section elementor-element elementor-element-0896d5d elementor-section-boxed elementor-section-height-default elementor-section-height-default\" data-id=\"0896d5d\" data-element_type=\"section\">\n\t\t\t\t\t\t<div class=\"elementor-container elementor-column-gap-thegem\">\n\t\t\t\t\t\t\t<div class=\"elementor-row\">\n\t\t\t\t\t<div class=\"elementor-column elementor-col-100 elementor-top-column elementor-element elementor-element-65ea3d1\" data-id=\"65ea3d1\" data-element_type=\"column\">\n\t\t\t<div class=\"elementor-column-wrap elementor-element-populated\">\n\t\t\t\t\t\t\t<div class=\"elementor-widget-wrap\">\n\t\t\t\t\t\t<div class=\"elementor-element elementor-element-64e9606 flex-horizontal-align-default flex-horizontal-align-tablet-default flex-horizontal-align-mobile-default flex-vertical-align-default flex-vertical-align-tablet-default flex-vertical-align-mobile-default elementor-widget elementor-widget-thegem-contact-form7\" data-id=\"64e9606\" data-element_type=\"widget\" data-settings=\"{&quot;thegem_elementor_preset&quot;:&quot;default&quot;}\" data-widget_type=\"thegem-contact-form7.default\">\n\t\t\t\t<div class=\"elementor-widget-container\">\n\t\t\t\n<div class=\"wpcf7 no-js\" id=\"wpcf7-f2842-o1\" lang=\"fr-FR\" dir=\"ltr\">\n<div class=\"screen-reader-response\"><p role=\"status\" aria-live=\"polite\" aria-atomic=\"true\"><\/p> <ul><\/ul><\/div>\n<form action=\"\/index.php?rest_route=%2Fwp%2Fv2%2Fpages%2F1987#wpcf7-f2842-o1\" method=\"post\" class=\"wpcf7-form init thegem-cf7 form-64e9606 label-top\" aria-label=\"Formulaire de contact\" enctype=\"multipart\/form-data\" novalidate=\"novalidate\" data-status=\"init\">\n<div style=\"display: none;\">\n<input type=\"hidden\" name=\"_wpcf7\" value=\"2842\" \/>\n<input type=\"hidden\" name=\"_wpcf7_version\" value=\"5.7.7\" \/>\n<input type=\"hidden\" name=\"_wpcf7_locale\" value=\"fr_FR\" \/>\n<input type=\"hidden\" name=\"_wpcf7_unit_tag\" value=\"wpcf7-f2842-o1\" \/>\n<input type=\"hidden\" name=\"_wpcf7_container_post\" value=\"0\" \/>\n<input type=\"hidden\" name=\"_wpcf7_posted_data_hash\" value=\"\" \/>\n<\/div>\n<label>1. Nom complet<\/label>\n<span class=\"wpcf7-form-control-wrap\" data-name=\"prenom\"><input size=\"40\" class=\"wpcf7-form-control wpcf7-text wpcf7-validates-as-required\" id=\"prenom\" aria-required=\"true\" aria-invalid=\"false\" placeholder=\"Pr\u00e9nom\" value=\"\" type=\"text\" name=\"prenom\" \/><\/span>\n<span class=\"wpcf7-form-control-wrap\" data-name=\"nom-de-famille\"><input size=\"40\" class=\"wpcf7-form-control wpcf7-text wpcf7-validates-as-required\" id=\"nom-de-famille\" aria-required=\"true\" aria-invalid=\"false\" placeholder=\"Nom de famille\" value=\"\" type=\"text\" name=\"nom-de-famille\" \/><\/span>\n\n<label>2. Email<\/label>\n<span class=\"wpcf7-form-control-wrap\" data-name=\"email\"><input size=\"40\" class=\"wpcf7-form-control wpcf7-text wpcf7-email wpcf7-validates-as-required wpcf7-validates-as-email\" id=\"email\" aria-required=\"true\" aria-invalid=\"false\" placeholder=\"Votre email\" value=\"\" type=\"email\" name=\"email\" \/><\/span>\n\n<label>3. Num\u00e9ro de contact<\/label>\n<span class=\"wpcf7-form-control-wrap\" data-name=\"numero-contact\"><input size=\"40\" class=\"wpcf7-form-control wpcf7-text wpcf7-tel wpcf7-validates-as-required wpcf7-validates-as-tel\" id=\"numero-contact\" aria-required=\"true\" aria-invalid=\"false\" placeholder=\"Num\u00e9ro de contact\" value=\"\" type=\"tel\" name=\"numero-contact\" \/><\/span>\n\n<label>4. Adresse<\/label>\n<span class=\"wpcf7-form-control-wrap\" data-name=\"adresse-rue\"><input size=\"40\" class=\"wpcf7-form-control wpcf7-text wpcf7-validates-as-required\" id=\"adresse-rue\" aria-required=\"true\" aria-invalid=\"false\" placeholder=\"Adresse de la rue\" value=\"\" type=\"text\" name=\"adresse-rue\" \/><\/span>\n<span class=\"wpcf7-form-control-wrap\" data-name=\"ville\"><input size=\"40\" class=\"wpcf7-form-control wpcf7-text wpcf7-validates-as-required\" id=\"ville\" aria-required=\"true\" aria-invalid=\"false\" placeholder=\"Ville\" value=\"\" type=\"text\" name=\"ville\" \/><\/span>\n<span class=\"wpcf7-form-control-wrap\" data-name=\"etat\"><input size=\"40\" class=\"wpcf7-form-control wpcf7-text wpcf7-validates-as-required\" id=\"etat\" aria-required=\"true\" aria-invalid=\"false\" placeholder=\"\u00c9tat\" value=\"\" type=\"text\" name=\"etat\" \/><\/span>\n<span class=\"wpcf7-form-control-wrap\" data-name=\"code-postal\"><input size=\"40\" class=\"wpcf7-form-control wpcf7-text wpcf7-validates-as-required\" id=\"code-postal\" aria-required=\"true\" aria-invalid=\"false\" placeholder=\"Code postal\" value=\"\" type=\"text\" name=\"code-postal\" \/><\/span>\n\n<label>5. Quelle position demandez-vous?<\/label>\n<span class=\"wpcf7-form-control-wrap\" data-name=\"poste-demande\"><input size=\"40\" class=\"wpcf7-form-control wpcf7-text wpcf7-validates-as-required\" id=\"poste-demande\" aria-required=\"true\" aria-invalid=\"false\" placeholder=\"Poste demand\u00e9\" value=\"\" type=\"text\" name=\"poste-demande\" \/><\/span>\n\n<label>6. Date de d\u00e9but disponible (DD\/MM\/YYYY)<\/label>\n<span class=\"wpcf7-form-control-wrap\" data-name=\"date-debut\"><input size=\"40\" class=\"wpcf7-form-control wpcf7-text wpcf7-validates-as-required\" id=\"date-debut\" aria-required=\"true\" aria-invalid=\"false\" placeholder=\"DD\/MM\/YYYY\" value=\"\" type=\"text\" name=\"date-debut\" \/><\/span>\n\n<label>7. Quelle est votre situation d'emploi actuelle?<\/label>\n<span class=\"wpcf7-form-control-wrap\" data-name=\"situation-emploi\"><span class=\"wpcf7-form-control wpcf7-checkbox wpcf7-validates-as-required\" id=\"situation-emploi\"><span class=\"wpcf7-list-item first\"><input type=\"checkbox\" name=\"situation-emploi[]\" value=\"Employ\u00e9\" \/><span class=\"wpcf7-list-item-label\">Employ\u00e9<\/span><\/span><span class=\"wpcf7-list-item\"><input type=\"checkbox\" name=\"situation-emploi[]\" value=\"Sans emploi\" \/><span class=\"wpcf7-list-item-label\">Sans emploi<\/span><\/span><span class=\"wpcf7-list-item\"><input type=\"checkbox\" name=\"situation-emploi[]\" value=\"Travailleur ind\u00e9pendant\" \/><span class=\"wpcf7-list-item-label\">Travailleur ind\u00e9pendant<\/span><\/span><span class=\"wpcf7-list-item\"><input type=\"checkbox\" name=\"situation-emploi[]\" value=\"\u00c9l\u00e8ve\" \/><span class=\"wpcf7-list-item-label\">\u00c9l\u00e8ve<\/span><\/span><span class=\"wpcf7-list-item last\"><input type=\"checkbox\" name=\"situation-emploi[]\" value=\"Autre\" \/><span class=\"wpcf7-list-item-label\">Autre<\/span><\/span><\/span><\/span>\n\n<label>8. CV (Fichier)<\/label>\n<span class=\"wpcf7-form-control-wrap\" data-name=\"cv\"><input size=\"40\" class=\"wpcf7-form-control wpcf7-file\" id=\"cv\" accept=\"audio\/*,video\/*,image\/*\" aria-invalid=\"false\" type=\"file\" name=\"cv\" \/><\/span>\n\n<label>9. Lettre de motivation (Fichier)<\/label>\n<span class=\"wpcf7-form-control-wrap\" data-name=\"lettre-motivation\"><input size=\"40\" class=\"wpcf7-form-control wpcf7-file\" id=\"lettre-motivation\" accept=\"audio\/*,video\/*,image\/*\" aria-invalid=\"false\" type=\"file\" name=\"lettre-motivation\" \/><\/span>\n\n<input class=\"wpcf7-form-control has-spinner wpcf7-submit\" type=\"submit\" value=\"Soumettre\" \/><div class=\"wpcf7-response-output\" aria-hidden=\"true\"><\/div>\n<\/form>\n<\/div>\n\t\t<\/div>\n\t\t\t\t<\/div>\n\t\t\t\t\t\t<\/div>\n\t\t\t\t\t<\/div>\n\t\t<\/div>\n\t\t\t\t\t\t\t\t<\/div>\n\t\t\t\t\t<\/div>\n\t\t<\/section>\n\t\t\t\t\t\t\t\t\t<\/div>\n\t\t\t<\/div>\n\t\t\t\t\t<\/div>\n\t\t","protected":false},"excerpt":{"rendered":"<p>Actuellement nous ne sommes pas dans la mesure de vous offrir un poste au sein de notre soci\u00e9t\u00e9.Par ailleurs vous&#8230;<\/p>\n","protected":false},"author":1,"featured_media":0,"parent":0,"menu_order":0,"comment_status":"closed","ping_status":"closed","template":"","meta":{"footnotes":""},"class_list":["post-1987","page","type-page","status-publish"],"_links":{"self":[{"href":"https:\/\/bloomleading.com\/index.php?rest_route=\/wp\/v2\/pages\/1987","targetHints":{"allow":["GET"]}}],"collection":[{"href":"https:\/\/bloomleading.com\/index.php?rest_route=\/wp\/v2\/pages"}],"about":[{"href":"https:\/\/bloomleading.com\/index.php?rest_route=\/wp\/v2\/types\/page"}],"author":[{"embeddable":true,"href":"https:\/\/bloomleading.com\/index.php?rest_route=\/wp\/v2\/users\/1"}],"replies":[{"embeddable":true,"href":"https:\/\/bloomleading.com\/index.php?rest_route=%2Fwp%2Fv2%2Fcomments&post=1987"}],"version-history":[{"count":52,"href":"https:\/\/bloomleading.com\/index.php?rest_route=\/wp\/v2\/pages\/1987\/revisions"}],"predecessor-version":[{"id":3608,"href":"https:\/\/bloomleading.com\/index.php?rest_route=\/wp\/v2\/pages\/1987\/revisions\/3608"}],"wp:attachment":[{"href":"https:\/\/bloomleading.com\/index.php?rest_route=%2Fwp%2Fv2%2Fmedia&parent=1987"}],"curies":[{"name":"wp","href":"https:\/\/api.w.org\/{rel}","templated":true}]}}